{"id":84,"date":"2023-05-15T19:27:27","date_gmt":"2023-05-15T17:27:27","guid":{"rendered":"https:\/\/coffretelec.fr\/?post_type=product&#038;p=84"},"modified":"2026-03-10T06:11:07","modified_gmt":"2026-03-10T05:11:07","slug":"coffret-monophase-12kva-aerien-et-souterrain-avec-4-prises-13m-de-cable-cadenas-et-support","status":"publish","type":"product","link":"https:\/\/coffretelec.fr\/index.php\/product\/coffret-monophase-12kva-aerien-et-souterrain-avec-4-prises-13m-de-cable-cadenas-et-support\/","title":{"rendered":"Coffret monophas\u00e9 12kva conforme ENEDIS a\u00e9rien et souterrain avec 4 prises, 13m de cable, cadenas et support"},"content":{"rendered":"<div class=\"c\">\n<div class=\"uis_desc uit_cttxt uit_cttxt_m\" data-editor_params=\"{&quot;enable_heading_insertion&quot;: true}\">\n<h4><strong><span class=\"font_28px\"><span style=\"color: #000000;\">Coffret de chantier conforme aux normes NF-C \u00a014-100\/ 15-100. Ce coffret est compatible a\u00e9rien et souterrain pour les raccordement de 3 a 12kva. Il dispose de 4 prises monophas\u00e9, un support pour une pose au sol, 13m de cable, un piquet de terre et une fermeture avec cadenas a code.<\/span><br \/>\n<\/span><\/strong><\/h4>\n<h3><span style=\"color: #ff0000;\"><strong>Garantie 2 ans, livr\u00e9 en 24\/48h avec UPS. Respecte les exigences Enedis.<\/strong><\/span><\/h3>\n<p><span class=\"font_small\" style=\"color: #ff0000;\">Pour l&rsquo;alimentation \u00e9lectrique de vos chantiers 100% compatible aux demande de enedis. Retour gratuit si le coffret est refus\u00e9 par enedis.<\/span><\/p>\n<p>Il int\u00e8gre:<\/p>\n<p>-4 prises 2 P + Terre 16a<\/p>\n<p>-2 disjoncteurs diff\u00e9rentiel C16a haute sensibilit\u00e9 30mA .<\/p>\n<p>-un piquet de terre + 2m de fils.<\/p>\n<p>-un support pied pour pose au sol.<\/p>\n<p>-Enveloppe coffret S20<\/p>\n<p>-un Coffret coupe-circuit bipolaire 90A plombable.<\/p>\n<p>-un disjoncteur de branchement 500ma enedis plombable 60a (9kva).<\/p>\n<p>-un emplacement pour compteur enedis compatible au linky.<\/p>\n<p>-un panneau en fibre recycl\u00e9.<\/p>\n<p>-un bornier de terre.<\/p>\n<p>-un c\u00e2blage en fil cuivre souple de section 10\u00b2.<\/p>\n<p>-un tableau 4 modules pour les disjoncteurs diff\u00e9rentiel.<\/p>\n<p>-13m de cable 2&#215;25 alu.<\/p>\n<p>-un loquet avec cadenas a code<\/p>\n<p>&nbsp;<\/p>\n<p>&nbsp;<\/p>\n<p>Tension 230v monophas\u00e9.<\/p>\n<p>&nbsp;<\/p>\n<p>&nbsp;<\/p>\n<p>Dimensions<br \/>\nH: 485mm<br \/>\nL: 350mm<br \/>\nP: 195mm<\/p>\n<p>&nbsp;<\/p>\n<p>&nbsp;<\/p>\n<p>Poids 15kg.<\/p>\n<p>&nbsp;<\/p>\n<p>&nbsp;<\/p>\n<p>&nbsp;<\/p>\n<p>&nbsp;<\/p>\n<p>La prise de courant doit \u00eatre raccord\u00e9e \u00e0 la terre. Le compteur non fourni est a titre indicatif, <strong><span style=\"color: #ff0000;\">il est pos\u00e9 par enedis lors du branchement.<\/span><\/strong><\/p>\n<\/div>\n<\/div>\n","protected":false},"excerpt":{"rendered":"<h4><strong><span class=\"font_28px\"><span class=\"font_xlarge\">\u00a0<\/span><\/span><\/strong><\/h4>\n","protected":false},"featured_media":86,"comment_status":"open","ping_status":"closed","template":"","meta":[],"product_brand":[],"product_cat":[25,46],"product_tag":[],"class_list":{"0":"post-84","1":"product","2":"type-product","3":"status-publish","4":"has-post-thumbnail","6":"product_cat-coffret-de-chantier","7":"product_cat-monophase-12kva","9":"first","10":"instock","11":"taxable","12":"shipping-taxable","13":"purchasable","14":"product-type-simple"},"jetpack_sharing_enabled":true,"_links":{"self":[{"href":"https:\/\/coffretelec.fr\/index.php\/wp-json\/wp\/v2\/product\/84","targetHints":{"allow":["GET"]}}],"collection":[{"href":"https:\/\/coffretelec.fr\/index.php\/wp-json\/wp\/v2\/product"}],"about":[{"href":"https:\/\/coffretelec.fr\/index.php\/wp-json\/wp\/v2\/types\/product"}],"replies":[{"embeddable":true,"href":"https:\/\/coffretelec.fr\/index.php\/wp-json\/wp\/v2\/comments?post=84"}],"wp:featuredmedia":[{"embeddable":true,"href":"https:\/\/coffretelec.fr\/index.php\/wp-json\/wp\/v2\/media\/86"}],"wp:attachment":[{"href":"https:\/\/coffretelec.fr\/index.php\/wp-json\/wp\/v2\/media?parent=84"}],"wp:term":[{"taxonomy":"product_brand","embeddable":true,"href":"https:\/\/coffretelec.fr\/index.php\/wp-json\/wp\/v2\/product_brand?post=84"},{"taxonomy":"product_cat","embeddable":true,"href":"https:\/\/coffretelec.fr\/index.php\/wp-json\/wp\/v2\/product_cat?post=84"},{"taxonomy":"product_tag","embeddable":true,"href":"https:\/\/coffretelec.fr\/index.php\/wp-json\/wp\/v2\/product_tag?post=84"}],"curies":[{"name":"wp","href":"https:\/\/api.w.org\/{rel}","templated":true}]}}