{"id":79,"date":"2023-05-15T18:55:57","date_gmt":"2023-05-15T16:55:57","guid":{"rendered":"https:\/\/coffretelec.fr\/?post_type=product&#038;p=79"},"modified":"2026-02-25T17:02:47","modified_gmt":"2026-02-25T16:02:47","slug":"coffret-tri-13m","status":"publish","type":"product","link":"https:\/\/coffretelec.fr\/index.php\/product\/coffret-tri-13m\/","title":{"rendered":"Coffret tri a\u00e9rien 6\/18kva + 13m de c\u00e2ble"},"content":{"rendered":"<div class=\"c\">\n<div class=\"uis_desc uit_cttxt uit_cttxt_m\" data-editor_params=\"{&quot;enable_heading_insertion&quot;: true}\">\n<div class=\"c\">\n<div class=\"uis_desc uit_cttxt uit_cttxt_m\" data-editor_params=\"{&quot;enable_heading_insertion&quot;: true}\">\n<h3><strong>Coffret de chantier conforme aux normes NF-C \u00a014-100\/ 15-100.<\/strong><\/h3>\n<h3><span style=\"color: #ff0000;\"><strong>Garantie 2 ans, livr\u00e9 en 24\/48h avec UPS. Respecte les exigences Enedis.<\/strong><\/span><\/h3>\n<p>Ce coffret avec 13m de c\u00e2ble est parfaitement compatible pour les raccordements sur fa\u00e7ade ou sur poteau. Il se fixe facilement au poteau grace \u00e0 son support et sa sangle (support renforc\u00e9 en option). <span style=\"color: #ff00ff;\">Le d\u00e9part client est d\u00e9j\u00e0 raccord\u00e9 jusqu&rsquo;\u00e0 la bo\u00eete plexo, ce qui vous \u00e9vitera de d\u00e9monter la platine du coffret pour raccorder votre c\u00e2ble.<\/span><\/p>\n<p>Pour l&rsquo;alimentation \u00e9lectrique de vos chantiers 100% compatible aux demande de enedis. Retour gratuit si le coffret est refus\u00e9 par enedis.<\/p>\n<p>Il\u00a0 int\u00e8gre:<\/p>\n<p>-Enveloppe coffret S20<\/p>\n<p>-13m de cable 4&#215;25 alu conforme enedis + 2m de gaine diam\u00e8tre 32.<\/p>\n<p>-un Coffret coupe-circuit 90A plombable.<\/p>\n<p>-un disjoncteur de branchement 500ma enedis plombable 10\/30a (6\/18kva).<\/p>\n<p>-un emplacement pour compteur enedis .<\/p>\n<p>-un piquet de terre + 2m de fils.<\/p>\n<p>-un c\u00e2blage en fil cuivre souple de section 10\u00b2.<\/p>\n<p>-un boite plexo.<\/p>\n<p>-un disjoncteur diff\u00e9rentiel C63a haute sensibilit\u00e9 30mA .<\/p>\n<p>-une fixation avec sangle pour poteau.<\/p>\n<p>&nbsp;<\/p>\n<p>&nbsp;<\/p>\n<p>Tension 400v triphas\u00e9.<\/p>\n<\/div>\n<\/div>\n<\/div>\n<\/div>\n","protected":false},"excerpt":{"rendered":"<h5><strong>\u00a0<\/strong><\/h5>\n<p><strong><span class=\"font_28px\"><span class=\"font_xlarge\">\u00a0<\/span><\/span><\/strong><\/p>\n","protected":false},"featured_media":334,"comment_status":"open","ping_status":"closed","template":"","meta":[],"product_brand":[],"product_cat":[25,48],"product_tag":[],"class_list":{"0":"post-79","1":"product","2":"type-product","3":"status-publish","4":"has-post-thumbnail","6":"product_cat-coffret-de-chantier","7":"product_cat-triphase-6-18kva","9":"first","10":"instock","11":"taxable","12":"shipping-taxable","13":"purchasable","14":"product-type-simple"},"jetpack_sharing_enabled":true,"_links":{"self":[{"href":"https:\/\/coffretelec.fr\/index.php\/wp-json\/wp\/v2\/product\/79","targetHints":{"allow":["GET"]}}],"collection":[{"href":"https:\/\/coffretelec.fr\/index.php\/wp-json\/wp\/v2\/product"}],"about":[{"href":"https:\/\/coffretelec.fr\/index.php\/wp-json\/wp\/v2\/types\/product"}],"replies":[{"embeddable":true,"href":"https:\/\/coffretelec.fr\/index.php\/wp-json\/wp\/v2\/comments?post=79"}],"wp:featuredmedia":[{"embeddable":true,"href":"https:\/\/coffretelec.fr\/index.php\/wp-json\/wp\/v2\/media\/334"}],"wp:attachment":[{"href":"https:\/\/coffretelec.fr\/index.php\/wp-json\/wp\/v2\/media?parent=79"}],"wp:term":[{"taxonomy":"product_brand","embeddable":true,"href":"https:\/\/coffretelec.fr\/index.php\/wp-json\/wp\/v2\/product_brand?post=79"},{"taxonomy":"product_cat","embeddable":true,"href":"https:\/\/coffretelec.fr\/index.php\/wp-json\/wp\/v2\/product_cat?post=79"},{"taxonomy":"product_tag","embeddable":true,"href":"https:\/\/coffretelec.fr\/index.php\/wp-json\/wp\/v2\/product_tag?post=79"}],"curies":[{"name":"wp","href":"https:\/\/api.w.org\/{rel}","templated":true}]}}