{"id":662,"date":"2024-12-04T22:23:58","date_gmt":"2024-12-04T21:23:58","guid":{"rendered":"https:\/\/coffretelec.fr\/?post_type=product&#038;p=662"},"modified":"2026-02-15T17:46:53","modified_gmt":"2026-02-15T16:46:53","slug":"location-coffret-de-chantier-triphase-15m-de-cable-6-36kva","status":"publish","type":"product","link":"https:\/\/coffretelec.fr\/index.php\/product\/location-coffret-de-chantier-triphase-15m-de-cable-6-36kva\/","title":{"rendered":"Location coffret de chantier triphas\u00e9 15m de c\u00e2ble 6\/36kva"},"content":{"rendered":"<p><span style=\"color: #ff0000;\"><strong> Coffret approuv\u00e9 par ENEDIS<\/strong><\/span><\/p>\n<h3><strong>Coffret de chantier conforme aux normes NF-C \u00a014-100\/ 15-100.<\/strong><\/h3>\n<p>Le d\u00e9part client est d\u00e9j\u00e0 raccord\u00e9 jusqu&rsquo;\u00e0 la bo\u00eete plexo, ce qui vous \u00e9vitera de d\u00e9monter la platine du coffret pour raccorder votre c\u00e2ble.<\/p>\n<p>Pour l&rsquo;alimentation \u00e9lectrique de vos chantiers 100% compatible aux demande de enedis.<\/p>\n<p>Il\u00a0 int\u00e8gre:<\/p>\n<p>-Enveloppe coffret S20<\/p>\n<p>-15m de cable 4&#215;25 alu conforme enedis + 2m de gaine diam\u00e8tre 32.<\/p>\n<p>-un Coffret coupe-circuit 90A plombable.<\/p>\n<p>-un disjoncteur de branchement 500ma enedis plombable 30\/60a (18\/36kva).<\/p>\n<p>-un emplacement pour compteur enedis .<\/p>\n<p>-un piquet de terre + 2m de fils.<\/p>\n<p>-un c\u00e2blage en fil cuivre souple de section 10\u00b2.<\/p>\n<p>-un boite plexo.<\/p>\n<p>-un disjoncteur diff\u00e9rentiel C63a haute sensibilit\u00e9 30mA .<\/p>\n<p>-un support pied pour pose au sol.<\/p>\n<p>&nbsp;<\/p>\n<p>&nbsp;<\/p>\n<p>Tension 400v triphas\u00e9.<\/p>\n<p>&nbsp;<\/p>\n","protected":false},"excerpt":{"rendered":"<p>Coffret approuv\u00e9 par ENEDIS Coffret de chantier conforme aux normes NF-C \u00a014-100\/ 15-100. Le d\u00e9part client est d\u00e9j\u00e0 raccord\u00e9 jusqu&rsquo;\u00e0 la bo\u00eete plexo, ce qui vous \u00e9vitera de d\u00e9monter la platine du coffret pour raccorder votre c\u00e2ble. Pour l&rsquo;alimentation \u00e9lectrique de vos chantiers 100% compatible aux demande de enedis. Il\u00a0 int\u00e8gre: -Enveloppe coffret S20 -15m [&hellip;]<\/p>\n","protected":false},"featured_media":429,"comment_status":"open","ping_status":"closed","template":"","meta":[],"product_brand":[],"product_cat":[51],"product_tag":[],"class_list":{"0":"post-662","1":"product","2":"type-product","3":"status-publish","4":"has-post-thumbnail","6":"product_cat-location-coffret-de-chantier","8":"first","9":"instock","10":"taxable","11":"shipping-taxable","12":"purchasable","13":"product-type-variable"},"jetpack_sharing_enabled":true,"_links":{"self":[{"href":"https:\/\/coffretelec.fr\/index.php\/wp-json\/wp\/v2\/product\/662","targetHints":{"allow":["GET"]}}],"collection":[{"href":"https:\/\/coffretelec.fr\/index.php\/wp-json\/wp\/v2\/product"}],"about":[{"href":"https:\/\/coffretelec.fr\/index.php\/wp-json\/wp\/v2\/types\/product"}],"replies":[{"embeddable":true,"href":"https:\/\/coffretelec.fr\/index.php\/wp-json\/wp\/v2\/comments?post=662"}],"wp:featuredmedia":[{"embeddable":true,"href":"https:\/\/coffretelec.fr\/index.php\/wp-json\/wp\/v2\/media\/429"}],"wp:attachment":[{"href":"https:\/\/coffretelec.fr\/index.php\/wp-json\/wp\/v2\/media?parent=662"}],"wp:term":[{"taxonomy":"product_brand","embeddable":true,"href":"https:\/\/coffretelec.fr\/index.php\/wp-json\/wp\/v2\/product_brand?post=662"},{"taxonomy":"product_cat","embeddable":true,"href":"https:\/\/coffretelec.fr\/index.php\/wp-json\/wp\/v2\/product_cat?post=662"},{"taxonomy":"product_tag","embeddable":true,"href":"https:\/\/coffretelec.fr\/index.php\/wp-json\/wp\/v2\/product_tag?post=662"}],"curies":[{"name":"wp","href":"https:\/\/api.w.org\/{rel}","templated":true}]}}