{"id":653,"date":"2024-12-04T21:25:53","date_gmt":"2024-12-04T20:25:53","guid":{"rendered":"https:\/\/coffretelec.fr\/?post_type=product&#038;p=653"},"modified":"2026-02-15T17:46:53","modified_gmt":"2026-02-15T16:46:53","slug":"location-coffret-12kva-mono","status":"publish","type":"product","link":"https:\/\/coffretelec.fr\/index.php\/product\/location-coffret-12kva-mono\/","title":{"rendered":"Location coffret de chantier monophas\u00e9 15m de c\u00e2ble 3\/6\/9\/12kva"},"content":{"rendered":"<p><span style=\"color: #ff0000;\"><strong> Coffret approuv\u00e9 par ENEDIS<\/strong><\/span><\/p>\n<p>-Emplacement Linky avec arriv\u00e9e basse et rail de fixation.<\/p>\n<p>-2 prises ext\u00e9rieur<\/p>\n<p>-Support de fixation sur pieds.<br \/>\n-Fourreau TPC rouge 40mm<br \/>\n-Piquet de terre et 2m de fils cuivre Norme NFC15-100<\/p>\n<p>-Coupe-circuit individuel 90A<br \/>\n-Bornier IP2X<br \/>\n-Disjoncteur diff\u00e9rentiel 63A 30 mA (protection contre les surintensit\u00e9s et les courts circuits).<br \/>\n-Disjoncteur diff\u00e9rentiel 60A 12KVA 500 mA. NFC 62 411 type S.<\/p>\n<p>&nbsp;<\/p>\n<p>C\u00e2ble:<\/p>\n<p>-C\u00e2ble UR 1000 AR2V aluminium 25 mm\u00b2<br \/>\n-230 Volts monophas\u00e9 (1 phase + 1 neutre)<br \/>\n-Longueur : 15m<\/p>\n<p>&nbsp;<\/p>\n","protected":false},"excerpt":{"rendered":"<p>Coffret approuv\u00e9 par ENEDIS -Emplacement Linky avec arriv\u00e9e basse et rail de fixation. -2 prises ext\u00e9rieur -Support de fixation sur pieds. -Fourreau TPC rouge 40mm -Piquet de terre et 2m de fils cuivre Norme NFC15-100 -Coupe-circuit individuel 90A -Bornier IP2X -Disjoncteur diff\u00e9rentiel 63A 30 mA (protection contre les surintensit\u00e9s et les courts circuits). -Disjoncteur diff\u00e9rentiel [&hellip;]<\/p>\n","protected":false},"featured_media":606,"comment_status":"open","ping_status":"closed","template":"","meta":[],"product_brand":[],"product_cat":[51],"product_tag":[],"class_list":{"0":"post-653","1":"product","2":"type-product","3":"status-publish","4":"has-post-thumbnail","6":"product_cat-location-coffret-de-chantier","8":"first","9":"instock","10":"taxable","11":"shipping-taxable","12":"purchasable","13":"product-type-variable"},"jetpack_sharing_enabled":true,"_links":{"self":[{"href":"https:\/\/coffretelec.fr\/index.php\/wp-json\/wp\/v2\/product\/653","targetHints":{"allow":["GET"]}}],"collection":[{"href":"https:\/\/coffretelec.fr\/index.php\/wp-json\/wp\/v2\/product"}],"about":[{"href":"https:\/\/coffretelec.fr\/index.php\/wp-json\/wp\/v2\/types\/product"}],"replies":[{"embeddable":true,"href":"https:\/\/coffretelec.fr\/index.php\/wp-json\/wp\/v2\/comments?post=653"}],"wp:featuredmedia":[{"embeddable":true,"href":"https:\/\/coffretelec.fr\/index.php\/wp-json\/wp\/v2\/media\/606"}],"wp:attachment":[{"href":"https:\/\/coffretelec.fr\/index.php\/wp-json\/wp\/v2\/media?parent=653"}],"wp:term":[{"taxonomy":"product_brand","embeddable":true,"href":"https:\/\/coffretelec.fr\/index.php\/wp-json\/wp\/v2\/product_brand?post=653"},{"taxonomy":"product_cat","embeddable":true,"href":"https:\/\/coffretelec.fr\/index.php\/wp-json\/wp\/v2\/product_cat?post=653"},{"taxonomy":"product_tag","embeddable":true,"href":"https:\/\/coffretelec.fr\/index.php\/wp-json\/wp\/v2\/product_tag?post=653"}],"curies":[{"name":"wp","href":"https:\/\/api.w.org\/{rel}","templated":true}]}}