{"id":605,"date":"2024-07-07T15:54:06","date_gmt":"2024-07-07T13:54:06","guid":{"rendered":"https:\/\/coffretelec.fr\/?post_type=product&#038;p=605"},"modified":"2026-03-10T06:10:49","modified_gmt":"2026-03-10T05:10:49","slug":"coffret-de-chantier-aux-normes-enedis-monophase-12kva","status":"publish","type":"product","link":"https:\/\/coffretelec.fr\/index.php\/product\/coffret-de-chantier-aux-normes-enedis-monophase-12kva\/","title":{"rendered":"Coffret de chantier aux normes ENEDIS Monophas\u00e9 12kva"},"content":{"rendered":"<p>-Emplacement Linky avec arriv\u00e9e basse et rail de fixation.<\/p>\n<p>-Support de fixation sur pieds.<br \/>\n-Fourreau TPC rouge 40mm<br \/>\n-Piquet de terre et 2m de fils cuivre Norme NFC15-100<\/p>\n<p>-Coupe-circuit individuel 90A<br \/>\n-Bornier IP2X<br \/>\n-Disjoncteur diff\u00e9rentiel 63A 30 mA (protection contre les surintensit\u00e9s et les courts circuits).<br \/>\n-Disjoncteur diff\u00e9rentiel 60A 12KVA 500 mA. NFC 62 411 type S.<\/p>\n<p>&nbsp;<\/p>\n<p>C\u00e2ble:<\/p>\n<p>-C\u00e2ble UR 1000 AR2V aluminium 25 mm\u00b2<br \/>\n-230 Volts monophas\u00e9 (1 phase + 1 neutre)<br \/>\n-Longueur : 3m (en souterrain ou lotissement) ou 13m (en a\u00e9rien, hors lotissement, poteau en limite de propri\u00e9t\u00e9&#8230;).<\/p>\n<p>&nbsp;<\/p>\n","protected":false},"excerpt":{"rendered":"<p>-Emplacement Linky avec arriv\u00e9e basse et rail de fixation. -Support de fixation sur pieds. -Fourreau TPC rouge 40mm -Piquet de terre et 2m de fils cuivre Norme NFC15-100 -Coupe-circuit individuel 90A -Bornier IP2X -Disjoncteur diff\u00e9rentiel 63A 30 mA (protection contre les surintensit\u00e9s et les courts circuits). -Disjoncteur diff\u00e9rentiel 60A 12KVA 500 mA. NFC 62 411 [&hellip;]<\/p>\n","protected":false},"featured_media":606,"comment_status":"open","ping_status":"closed","template":"","meta":[],"product_brand":[],"product_cat":[46],"product_tag":[],"class_list":{"0":"post-605","1":"product","2":"type-product","3":"status-publish","4":"has-post-thumbnail","6":"product_cat-monophase-12kva","8":"first","9":"instock","10":"featured","11":"taxable","12":"shipping-taxable","13":"purchasable","14":"product-type-simple"},"jetpack_sharing_enabled":true,"_links":{"self":[{"href":"https:\/\/coffretelec.fr\/index.php\/wp-json\/wp\/v2\/product\/605","targetHints":{"allow":["GET"]}}],"collection":[{"href":"https:\/\/coffretelec.fr\/index.php\/wp-json\/wp\/v2\/product"}],"about":[{"href":"https:\/\/coffretelec.fr\/index.php\/wp-json\/wp\/v2\/types\/product"}],"replies":[{"embeddable":true,"href":"https:\/\/coffretelec.fr\/index.php\/wp-json\/wp\/v2\/comments?post=605"}],"wp:featuredmedia":[{"embeddable":true,"href":"https:\/\/coffretelec.fr\/index.php\/wp-json\/wp\/v2\/media\/606"}],"wp:attachment":[{"href":"https:\/\/coffretelec.fr\/index.php\/wp-json\/wp\/v2\/media?parent=605"}],"wp:term":[{"taxonomy":"product_brand","embeddable":true,"href":"https:\/\/coffretelec.fr\/index.php\/wp-json\/wp\/v2\/product_brand?post=605"},{"taxonomy":"product_cat","embeddable":true,"href":"https:\/\/coffretelec.fr\/index.php\/wp-json\/wp\/v2\/product_cat?post=605"},{"taxonomy":"product_tag","embeddable":true,"href":"https:\/\/coffretelec.fr\/index.php\/wp-json\/wp\/v2\/product_tag?post=605"}],"curies":[{"name":"wp","href":"https:\/\/api.w.org\/{rel}","templated":true}]}}