{"id":338,"date":"2023-09-05T22:44:52","date_gmt":"2023-09-05T20:44:52","guid":{"rendered":"https:\/\/coffretelec.fr\/?post_type=product&#038;p=338"},"modified":"2026-04-15T17:08:06","modified_gmt":"2026-04-15T15:08:06","slug":"coffret-provisoire-de-chantier-triphase-sur-pied-aerien-18-36kva-13m-de-cable","status":"publish","type":"product","link":"https:\/\/coffretelec.fr\/index.php\/product\/coffret-provisoire-de-chantier-triphase-sur-pied-aerien-18-36kva-13m-de-cable\/","title":{"rendered":"Coffret tri a\u00e9rien 18\/36kva sur pied + 13m de c\u00e2ble"},"content":{"rendered":"<div class=\"c\">\n<div class=\"uis_desc uit_cttxt uit_cttxt_m\" data-editor_params=\"{&quot;enable_heading_insertion&quot;: true}\">\n<div class=\"c\">\n<div class=\"uis_desc uit_cttxt uit_cttxt_m\" data-editor_params=\"{&quot;enable_heading_insertion&quot;: true}\">\n<h3><strong>Coffret de chantier conforme aux normes NF-C \u00a014-100\/ 15-100.<\/strong><\/h3>\n<h3><span style=\"color: #ff0000;\"><strong>Garantie 2 ans, livr\u00e9 en 24\/48h avec UPS. Respecte les exigences Enedis.<\/strong><\/span><\/h3>\n<p>Ce coffret avec 13m de c\u00e2ble est parfaitement compatible pour les raccordements sur fa\u00e7ade ou sur poteau. <span style=\"color: #ff00ff;\">Le d\u00e9part client est d\u00e9j\u00e0 raccord\u00e9 jusqu&rsquo;\u00e0 la bo\u00eete plexo, ce qui vous \u00e9vitera de d\u00e9monter la platine du coffret pour raccorder votre c\u00e2ble.<\/span><\/p>\n<p>Pour l&rsquo;alimentation \u00e9lectrique de vos chantiers 100% compatible aux demande de enedis. Retour gratuit si le coffret est refus\u00e9 par enedis.<\/p>\n<p>Il\u00a0 int\u00e8gre:<\/p>\n<p>-Enveloppe coffret S20<\/p>\n<p>-13m de cable 4&#215;25 alu conforme enedis + 2m de gaine diam\u00e8tre 32.<\/p>\n<p>-un Coffret coupe-circuit 90A plombable.<\/p>\n<p>-un disjoncteur de branchement 500ma enedis plombable 30\/60a (18\/36kva).<\/p>\n<p>-un emplacement pour compteur enedis .<\/p>\n<p>-un piquet de terre + 2m de fils.<\/p>\n<p>-un c\u00e2blage en fil cuivre souple de section 10\u00b2.<\/p>\n<p>-un boite plexo.<\/p>\n<p>-un disjoncteur diff\u00e9rentiel C63a haute sensibilit\u00e9 30mA .<\/p>\n<p>-un support pied pour pose au sol.<\/p>\n<p>&nbsp;<\/p>\n<p>&nbsp;<\/p>\n<p>Tension 400v triphas\u00e9.<\/p>\n<\/div>\n<\/div>\n<\/div>\n<\/div>\n","protected":false},"excerpt":{"rendered":"<h5><strong>\u00a0<\/strong><\/h5>\n<p><strong><span class=\"font_28px\"><span class=\"font_xlarge\">\u00a0<\/span><\/span><\/strong><\/p>\n","protected":false},"featured_media":331,"comment_status":"open","ping_status":"closed","template":"","meta":[],"product_brand":[],"product_cat":[25,49],"product_tag":[],"class_list":{"0":"post-338","1":"product","2":"type-product","3":"status-publish","4":"has-post-thumbnail","6":"product_cat-coffret-de-chantier","7":"product_cat-triphase-18-36kva","9":"first","10":"instock","11":"taxable","12":"shipping-taxable","13":"purchasable","14":"product-type-simple"},"jetpack_sharing_enabled":true,"_links":{"self":[{"href":"https:\/\/coffretelec.fr\/index.php\/wp-json\/wp\/v2\/product\/338","targetHints":{"allow":["GET"]}}],"collection":[{"href":"https:\/\/coffretelec.fr\/index.php\/wp-json\/wp\/v2\/product"}],"about":[{"href":"https:\/\/coffretelec.fr\/index.php\/wp-json\/wp\/v2\/types\/product"}],"replies":[{"embeddable":true,"href":"https:\/\/coffretelec.fr\/index.php\/wp-json\/wp\/v2\/comments?post=338"}],"wp:featuredmedia":[{"embeddable":true,"href":"https:\/\/coffretelec.fr\/index.php\/wp-json\/wp\/v2\/media\/331"}],"wp:attachment":[{"href":"https:\/\/coffretelec.fr\/index.php\/wp-json\/wp\/v2\/media?parent=338"}],"wp:term":[{"taxonomy":"product_brand","embeddable":true,"href":"https:\/\/coffretelec.fr\/index.php\/wp-json\/wp\/v2\/product_brand?post=338"},{"taxonomy":"product_cat","embeddable":true,"href":"https:\/\/coffretelec.fr\/index.php\/wp-json\/wp\/v2\/product_cat?post=338"},{"taxonomy":"product_tag","embeddable":true,"href":"https:\/\/coffretelec.fr\/index.php\/wp-json\/wp\/v2\/product_tag?post=338"}],"curies":[{"name":"wp","href":"https:\/\/api.w.org\/{rel}","templated":true}]}}