{"id":323,"date":"2023-09-05T19:58:23","date_gmt":"2023-09-05T17:58:23","guid":{"rendered":"https:\/\/coffretelec.fr\/?post_type=product&#038;p=323"},"modified":"2026-02-15T17:46:54","modified_gmt":"2026-02-15T16:46:54","slug":"coffret-provisoire-de-chantier-monophase-souterrain-12kva-avec-une-prise-bornier-3m-de-cable","status":"publish","type":"product","link":"https:\/\/coffretelec.fr\/index.php\/product\/coffret-provisoire-de-chantier-monophase-souterrain-12kva-avec-une-prise-bornier-3m-de-cable\/","title":{"rendered":"Coffret mono sol 12kva avec une prise + bornier + 3m de c\u00e2ble"},"content":{"rendered":"<div class=\"c\">\n<div class=\"uis_desc uit_cttxt uit_cttxt_m\" data-editor_params=\"{&quot;enable_heading_insertion&quot;: true}\">\n<div class=\"c\">\n<div class=\"uis_desc uit_cttxt uit_cttxt_m\" data-editor_params=\"{&quot;enable_heading_insertion&quot;: true}\">\n<div class=\"c\">\n<div class=\"uis_desc uit_cttxt uit_cttxt_m\" data-editor_params=\"{&quot;enable_heading_insertion&quot;: true}\">\n<h3><span style=\"color: #ff0000;\"><strong>Garantie 2 ans, livr\u00e9 en 24\/48h avec UPS. Respecte les exigences Enedis.<\/strong><\/span><\/h3>\n<p>Conforme aux normes NF-C \u00a014-100\/ 15-100.<\/p>\n<div class=\"corrected-text ng-star-inserted\">\n<div class=\"corrected-text__text\">\n<div class=\"corrected-text__text-detail\">\n<div id=\"textResult\"><span class=\"corrected-phrase corrected-phrase_synonyms-mode ng-star-inserted\" data-end=\"1\" data-originaltext=\"ce\" data-start=\"0\" data-text=\"\"><span class=\"corrected-phrase__displayed-text corrected-phrase__displayed-text_no-correction corrected-phrase__displayed-text_synonyms-mode ng-star-inserted\">Ce<\/span><\/span> <span class=\"corrected-phrase corrected-phrase_synonyms-mode ng-star-inserted\" data-end=\"9\" data-originaltext=\"coffret\" data-start=\"3\" data-text=\"\"><span class=\"corrected-phrase__displayed-text corrected-phrase__displayed-text_no-correction corrected-phrase__displayed-text_synonyms-mode ng-star-inserted\">coffret<\/span><\/span> <span class=\"corrected-phrase corrected-phrase_synonyms-mode ng-star-inserted\" data-end=\"14\" data-originaltext=\"avec\" data-start=\"11\" data-text=\"\"><span class=\"corrected-phrase__displayed-text corrected-phrase__displayed-text_no-correction corrected-phrase__displayed-text_synonyms-mode ng-star-inserted\">avec<\/span><\/span> <span class=\"corrected-phrase ng-star-inserted\" data-end=\"16\" data-originaltext=\"3\" data-start=\"16\" data-text=\"\"><span class=\"corrected-phrase__displayed-text corrected-phrase__displayed-text_no-correction ng-star-inserted\">3<\/span><\/span><span class=\"corrected-phrase corrected-phrase_synonyms-mode ng-star-inserted\" data-end=\"17\" data-originaltext=\"m\" data-start=\"17\" data-text=\"\"><span class=\"corrected-phrase__displayed-text corrected-phrase__displayed-text_no-correction corrected-phrase__displayed-text_synonyms-mode ng-star-inserted\">m<\/span><\/span> <span class=\"corrected-phrase corrected-phrase_synonyms-mode ng-star-inserted\" data-end=\"20\" data-originaltext=\"de\" data-start=\"19\" data-text=\"\"><span class=\"corrected-phrase__displayed-text corrected-phrase__displayed-text_no-correction corrected-phrase__displayed-text_synonyms-mode ng-star-inserted\">de<\/span><\/span> <span class=\"corrected-phrase ng-star-inserted\" data-end=\"26\" data-originaltext=\"cable\" data-start=\"22\" data-text=\"c\u00e2ble\"><span class=\"corrected-phrase__displayed-text corrected-phrase__displayed-text_bubbled\" data-group=\"AutoCorrected\" data-suggestions=\"1\" data-type=\"Spelling\">c\u00e2ble<\/span><\/span> <span class=\"corrected-phrase corrected-phrase_synonyms-mode ng-star-inserted\" data-end=\"30\" data-originaltext=\"est\" data-start=\"28\" data-text=\"\"><span class=\"corrected-phrase__displayed-text corrected-phrase__displayed-text_no-correction corrected-phrase__displayed-text_synonyms-mode ng-star-inserted\">est<\/span><\/span> <span class=\"corrected-phrase ng-star-inserted\" data-end=\"42\" data-originaltext=\"parfetement\" data-start=\"32\" data-text=\"parfaitement\"><span class=\"corrected-phrase__displayed-text corrected-phrase__displayed-text_bubbled\" data-group=\"AutoCorrected\" data-suggestions=\"1\" data-type=\"Spelling\">parfaitement<\/span><\/span> <span class=\"corrected-phrase corrected-phrase_synonyms-mode ng-star-inserted\" data-end=\"53\" data-originaltext=\"compatible\" data-start=\"44\" data-text=\"\"><span class=\"corrected-phrase__displayed-text corrected-phrase__displayed-text_no-correction corrected-phrase__displayed-text_synonyms-mode ng-star-inserted\">compatible<\/span><\/span> <span class=\"corrected-phrase corrected-phrase_synonyms-mode ng-star-inserted\" data-end=\"58\" data-originaltext=\"pour\" data-start=\"55\" data-text=\"\"><span class=\"corrected-phrase__displayed-text corrected-phrase__displayed-text_no-correction corrected-phrase__displayed-text_synonyms-mode ng-star-inserted\">pour<\/span><\/span> <span class=\"corrected-phrase ng-star-inserted\" data-end=\"63\" data-originaltext=\"tout\" data-start=\"60\" data-text=\"tous\"><span class=\"corrected-phrase__displayed-text corrected-phrase__displayed-text_bubbled\" data-group=\"AutoCorrected\" data-suggestions=\"1\" data-type=\"Grammar\">tous<\/span><\/span> <span class=\"corrected-phrase ng-star-inserted\" data-end=\"85\" data-originaltext=\"les terrain viabilis\u00e9\" data-start=\"65\" data-text=\"les terrains viabilis\u00e9s\"><span class=\"corrected-phrase__displayed-text corrected-phrase__displayed-text_bubbled\" data-group=\"AutoCorrected\" data-suggestions=\"1\" data-type=\"Grammar\">les terrains viabilis\u00e9s<\/span><\/span> <span class=\"corrected-phrase corrected-phrase_synonyms-mode ng-star-inserted\" data-end=\"90\" data-originaltext=\"dans\" data-start=\"87\" data-text=\"\"><span class=\"corrected-phrase__displayed-text corrected-phrase__displayed-text_no-correction corrected-phrase__displayed-text_synonyms-mode ng-star-inserted\">dans<\/span><\/span> <span class=\"corrected-phrase corrected-phrase_synonyms-mode ng-star-inserted\" data-end=\"93\" data-originaltext=\"ou\" data-start=\"92\" data-text=\"\"><span class=\"corrected-phrase__displayed-text corrected-phrase__displayed-text_no-correction corrected-phrase__displayed-text_synonyms-mode ng-star-inserted\">ou<\/span><\/span> <span class=\"corrected-phrase corrected-phrase_synonyms-mode ng-star-inserted\" data-end=\"98\" data-originaltext=\"hors\" data-start=\"95\" data-text=\"\"><span class=\"corrected-phrase__displayed-text corrected-phrase__displayed-text_no-correction corrected-phrase__displayed-text_synonyms-mode ng-star-inserted\">hors<\/span><\/span> <span class=\"corrected-phrase corrected-phrase_synonyms-mode ng-star-inserted\" data-end=\"110\" data-originaltext=\"lotissement\" data-start=\"100\" data-text=\"\"><span class=\"corrected-phrase__displayed-text corrected-phrase__displayed-text_no-correction corrected-phrase__displayed-text_synonyms-mode ng-star-inserted\">lotissement.<\/span><\/span><\/div>\n<\/div>\n<\/div>\n<\/div>\n<p>Pour l&rsquo;alimentation \u00e9lectrique de vos chantiers 100% compatible aux demande de enedis. Retour gratuit si le coffret est refus\u00e9 par enedis.<\/p>\n<p>&nbsp;<\/p>\n<p>Il int\u00e8gre:<\/p>\n<p>-une prise 2 P + Terre 16a et un disjoncteur diff\u00e9rentiel C16a haute sensibilit\u00e9 30mA .<\/p>\n<p>-un bornier et un disjoncteur diff\u00e9rentiel C63a haute sensibilit\u00e9 30mA .<\/p>\n<p>-3m de c\u00e2ble 2&#215;25 alu.<\/p>\n<p>-Enveloppe coffret S20<\/p>\n<p>-un Coffret coupe-circuit bipolaire 90A plombable.<\/p>\n<p>-un disjoncteur de branchement 500ma enedis plombable 60a (12kva).<\/p>\n<p>-un emplacement pour compteur enedis <span style=\"color: #ff0000;\">compatible au linky.<\/span><\/p>\n<p>-un panneau amovible.<\/p>\n<p>-un bornier de terre.<\/p>\n<p>-un c\u00e2blage en fil cuivre souple de section 10\u00b2.<\/p>\n<p>-un tableau 4 modules pour le disjoncteur diff\u00e9rentiel.<\/p>\n<p>-un support m\u00e9tal pour pose au sol.<\/p>\n<p>-un piquet de terre + 2m de fils.<\/p>\n<p>&nbsp;<\/p>\n<p>Tension 230v monophas\u00e9.<\/p>\n<p>&nbsp;<\/p>\n<p>Dimensions<br \/>\nH: 485mm<br \/>\nL: 350mm<br \/>\nP: 195mm<\/p>\n<p>Poids 13kg.<\/p>\n<p>&nbsp;<\/p>\n<p>La prise de courant doit \u00eatre raccord\u00e9e \u00e0 la terre.<strong> <span style=\"color: #ff0000;\"> Le compteur est<\/span><\/strong> <strong><span style=\"color: #ff0000;\">pos\u00e9 par enedis lors du branchement.<\/span><\/strong><\/p>\n<\/div>\n<\/div>\n<\/div>\n<\/div>\n<\/div>\n<\/div>\n","protected":false},"excerpt":{"rendered":"<h5><span class=\"font_xlarge\"><strong>\u00a0<\/strong><\/span><\/h5>\n<p><strong><span class=\"font_28px\"><span class=\"font_xlarge\">\u00a0<\/span><\/span><\/strong><\/p>\n","protected":false},"featured_media":312,"comment_status":"open","ping_status":"closed","template":"","meta":[],"product_brand":[],"product_cat":[25,46],"product_tag":[],"class_list":{"0":"post-323","1":"product","2":"type-product","3":"status-publish","4":"has-post-thumbnail","6":"product_cat-coffret-de-chantier","7":"product_cat-monophase-12kva","9":"first","10":"instock","11":"taxable","12":"shipping-taxable","13":"purchasable","14":"product-type-simple"},"jetpack_sharing_enabled":true,"_links":{"self":[{"href":"https:\/\/coffretelec.fr\/index.php\/wp-json\/wp\/v2\/product\/323","targetHints":{"allow":["GET"]}}],"collection":[{"href":"https:\/\/coffretelec.fr\/index.php\/wp-json\/wp\/v2\/product"}],"about":[{"href":"https:\/\/coffretelec.fr\/index.php\/wp-json\/wp\/v2\/types\/product"}],"replies":[{"embeddable":true,"href":"https:\/\/coffretelec.fr\/index.php\/wp-json\/wp\/v2\/comments?post=323"}],"wp:featuredmedia":[{"embeddable":true,"href":"https:\/\/coffretelec.fr\/index.php\/wp-json\/wp\/v2\/media\/312"}],"wp:attachment":[{"href":"https:\/\/coffretelec.fr\/index.php\/wp-json\/wp\/v2\/media?parent=323"}],"wp:term":[{"taxonomy":"product_brand","embeddable":true,"href":"https:\/\/coffretelec.fr\/index.php\/wp-json\/wp\/v2\/product_brand?post=323"},{"taxonomy":"product_cat","embeddable":true,"href":"https:\/\/coffretelec.fr\/index.php\/wp-json\/wp\/v2\/product_cat?post=323"},{"taxonomy":"product_tag","embeddable":true,"href":"https:\/\/coffretelec.fr\/index.php\/wp-json\/wp\/v2\/product_tag?post=323"}],"curies":[{"name":"wp","href":"https:\/\/api.w.org\/{rel}","templated":true}]}}