{"id":322,"date":"2023-09-05T19:55:59","date_gmt":"2023-09-05T17:55:59","guid":{"rendered":"https:\/\/coffretelec.fr\/?post_type=product&#038;p=322"},"modified":"2026-02-15T17:46:54","modified_gmt":"2026-02-15T16:46:54","slug":"coffret-provisoire-de-chantier-monophase-aerien-12kva-avec-2-prises-13m-de-cable","status":"publish","type":"product","link":"https:\/\/coffretelec.fr\/index.php\/product\/coffret-provisoire-de-chantier-monophase-aerien-12kva-avec-2-prises-13m-de-cable\/","title":{"rendered":"Coffret mono a\u00e9rien 12kva avec 2 prises + 13m de c\u00e2ble"},"content":{"rendered":"<div class=\"c\">\n<div class=\"uis_desc uit_cttxt uit_cttxt_m\" data-editor_params=\"{&quot;enable_heading_insertion&quot;: true}\">\n<div class=\"c\">\n<div class=\"uis_desc uit_cttxt uit_cttxt_m\" data-editor_params=\"{&quot;enable_heading_insertion&quot;: true}\">\n<div class=\"c\">\n<div class=\"uis_desc uit_cttxt uit_cttxt_m\" data-editor_params=\"{&quot;enable_heading_insertion&quot;: true}\">\n<h3><span style=\"color: #ff0000;\"><strong>Garantie 2 ans, livr\u00e9 en 24\/48h avec UPS. Respecte les exigences Enedis.<\/strong><\/span><\/h3>\n<h4><strong><span style=\"color: #ff0000;\">\u00a0<\/span><\/strong><\/h4>\n<p>Conforme aux normes NF-C \u00a014-100\/ 15-100.<\/p>\n<div class=\"corrected-text ng-star-inserted\">\n<div class=\"corrected-text__text\">\n<div class=\"corrected-text__text-detail\">\n<div id=\"textResult\">Ce coffret avec 13m de c\u00e2ble est parfaitement compatible pour les raccordements sur fa\u00e7ade ou sur poteau. Il se fixe facilement au poteau grace \u00e0 son support et sa sangle (support renforc\u00e9 en option).<\/div>\n<\/div>\n<\/div>\n<\/div>\n<p>Pour l&rsquo;alimentation \u00e9lectrique de vos chantiers 100% compatible aux demande de enedis. Retour gratuit si le coffret est refus\u00e9 par enedis.<\/p>\n<p>&nbsp;<\/p>\n<p>Il int\u00e8gre:<\/p>\n<p>-Deux prises 2 P + Terre 16a et deux disjoncteurs diff\u00e9rentiel C16a haute sensibilit\u00e9 30mA .<\/p>\n<p>-13m de c\u00e2ble 2&#215;25 alu.<\/p>\n<p>-Enveloppe coffret S20<\/p>\n<p>-un Coffret coupe-circuit bipolaire 90A plombable.<\/p>\n<p>-un disjoncteur de branchement 500ma enedis plombable 60a (12kva).<\/p>\n<p>-un emplacement pour compteur enedis <span style=\"color: #ff0000;\">compatible au linky.<\/span><\/p>\n<p>-un panneau amovible.<\/p>\n<p>-un bornier de terre.<\/p>\n<p>-un c\u00e2blage en fil cuivre souple de section 10\u00b2.<\/p>\n<p>-un tableau 4 modules pour le disjoncteur diff\u00e9rentiel.<\/p>\n<p>-un support + sangle pour fixation sur poteau. (support renforc\u00e9 en option)<\/p>\n<p>-un piquet de terre + 2m de fils.<\/p>\n<p>&nbsp;<\/p>\n<p>Tension 230v monophas\u00e9.<\/p>\n<p>&nbsp;<\/p>\n<p>Dimensions<br \/>\nH: 485mm<br \/>\nL: 350mm<br \/>\nP: 195mm<\/p>\n<p>Poids 13kg.<\/p>\n<p>&nbsp;<\/p>\n<p>La prise de courant doit \u00eatre raccord\u00e9e \u00e0 la terre.<strong> <span style=\"color: #ff0000;\"> Le compteur est<\/span><\/strong> <strong><span style=\"color: #ff0000;\">pos\u00e9 par enedis lors du branchement.<\/span><\/strong><\/p>\n<\/div>\n<\/div>\n<\/div>\n<\/div>\n<\/div>\n<\/div>\n","protected":false},"excerpt":{"rendered":"<h5><span class=\"font_xlarge\"><strong>\u00a0<\/strong><\/span><\/h5>\n<p><strong><span class=\"font_28px\"><span class=\"font_xlarge\">\u00a0<\/span><\/span><\/strong><\/p>\n","protected":false},"featured_media":318,"comment_status":"closed","ping_status":"closed","template":"","meta":[],"product_brand":[],"product_cat":[25,46],"product_tag":[],"class_list":{"0":"post-322","1":"product","2":"type-product","3":"status-publish","4":"has-post-thumbnail","6":"product_cat-coffret-de-chantier","7":"product_cat-monophase-12kva","9":"first","10":"instock","11":"taxable","12":"shipping-taxable","13":"purchasable","14":"product-type-simple"},"jetpack_sharing_enabled":true,"_links":{"self":[{"href":"https:\/\/coffretelec.fr\/index.php\/wp-json\/wp\/v2\/product\/322","targetHints":{"allow":["GET"]}}],"collection":[{"href":"https:\/\/coffretelec.fr\/index.php\/wp-json\/wp\/v2\/product"}],"about":[{"href":"https:\/\/coffretelec.fr\/index.php\/wp-json\/wp\/v2\/types\/product"}],"replies":[{"embeddable":true,"href":"https:\/\/coffretelec.fr\/index.php\/wp-json\/wp\/v2\/comments?post=322"}],"wp:featuredmedia":[{"embeddable":true,"href":"https:\/\/coffretelec.fr\/index.php\/wp-json\/wp\/v2\/media\/318"}],"wp:attachment":[{"href":"https:\/\/coffretelec.fr\/index.php\/wp-json\/wp\/v2\/media?parent=322"}],"wp:term":[{"taxonomy":"product_brand","embeddable":true,"href":"https:\/\/coffretelec.fr\/index.php\/wp-json\/wp\/v2\/product_brand?post=322"},{"taxonomy":"product_cat","embeddable":true,"href":"https:\/\/coffretelec.fr\/index.php\/wp-json\/wp\/v2\/product_cat?post=322"},{"taxonomy":"product_tag","embeddable":true,"href":"https:\/\/coffretelec.fr\/index.php\/wp-json\/wp\/v2\/product_tag?post=322"}],"curies":[{"name":"wp","href":"https:\/\/api.w.org\/{rel}","templated":true}]}}