{"id":25,"date":"2023-05-11T23:06:10","date_gmt":"2023-05-11T21:06:10","guid":{"rendered":"https:\/\/coffretelec.fr\/index.php\/product\/v-neck-t-shirt\/"},"modified":"2026-02-15T17:48:43","modified_gmt":"2026-02-15T16:48:43","slug":"coffretmonosurmesure","status":"publish","type":"product","link":"https:\/\/coffretelec.fr\/index.php\/product\/coffretmonosurmesure\/","title":{"rendered":"Coffret monophas\u00e9 sur mesure"},"content":{"rendered":"<p>&nbsp;<\/p>\n<p>&nbsp;<\/p>\n<h3><strong><span class=\"font_28px\">Coffret de chantier\u00a0 conforme aux normes NF-C \u00a014-100\/ 15-100.<\/span><\/strong><\/h3>\n<h3><span style=\"color: #ff0000;\"><strong>Garantie 2 ans, livr\u00e9 en 24\/48h avec UPS. Respecte les exigences Enedis.<\/strong><\/span><\/h3>\n<p><span class=\"font_small\">Pour l&rsquo;alimentation \u00e9lectrique de vos chantiers 100% compatible aux demande de enedis. Retour gratuit si le coffret est refus\u00e9 par enedis.<\/span><\/p>\n<p>De base ils int\u00e8grent:<\/p>\n<p>-Enveloppe coffret S20<\/p>\n<p>-un Coffret coupe-circuit bipolaire 90A plombable.<\/p>\n<p>-un disjoncteur de branchement 500ma enedis plombable 15\/30\/45a (3\/6\/9kva) ou 60a (9kva).<\/p>\n<p>-un emplacement pour compteur enedis compatible au linky.<\/p>\n<p>-un panneau en fibre recycl\u00e9.<\/p>\n<p>-un bornier de terre.<\/p>\n<p>-un c\u00e2blage en fil cuivre souple de section 10\u00b2.<\/p>\n<p>-un tableau 4 modules pour le disjoncteur diff\u00e9rentiel.<\/p>\n<p>&nbsp;<\/p>\n<p><strong><span style=\"color: #ff6600;\">Pour la version 1 prise:<\/span><\/strong><\/p>\n<p>-une prise 2 P + Terre 16a et un disjoncteur diff\u00e9rentiel C16a haute sensibilit\u00e9 30mA .<\/p>\n<p><strong><span style=\"color: #ff6600;\">Pour la version 2 prises:<\/span><\/strong><\/p>\n<p>-Deux prises 2 P + Terre 16a et deux disjoncteurs diff\u00e9rentiel C16a haute sensibilit\u00e9 30mA .<\/p>\n<p><strong><span style=\"color: #ff6600;\">Pour la version 4 prises:<\/span><\/strong><\/p>\n<p>-Quatre prise 2 P + Terre 16a et deux disjoncteurs diff\u00e9rentiel C16a haute sensibilit\u00e9 30mA .<\/p>\n<p><strong><span style=\"color: #ff6600;\">Pour la version bornier:<\/span><\/strong><\/p>\n<p>-un bornier et un disjoncteur diff\u00e9rentiel C63a haute sensibilit\u00e9 30mA .<\/p>\n<p><span style=\"color: #ff6600;\"><strong>Pour la version 1 prise et un bornier:<\/strong><\/span><\/p>\n<p>-une prise 2 P + Terre 16a et un disjoncteur diff\u00e9rentiel C16a haute sensibilit\u00e9 30mA .<\/p>\n<p>-un bornier et un disjoncteur diff\u00e9rentiel C63a haute sensibilit\u00e9 30mA .<\/p>\n<p>&nbsp;<\/p>\n<p>Tension 230v monophas\u00e9.<\/p>\n<p>&nbsp;<\/p>\n<p>&nbsp;<\/p>\n<p>Dimensions<br \/>\nH: 485mm<br \/>\nL: 350mm<br \/>\nP: 195mm<\/p>\n<p>&nbsp;<\/p>\n<p>&nbsp;<\/p>\n<p>Poids 15kg.<\/p>\n<p>La prise de courant doit \u00eatre raccord\u00e9e \u00e0 la terre. Le compteur non fourni est a titre indicatif,<strong><span style=\"color: #ff0000;\"> il es pos\u00e9 par enedis lors du branchement.<\/span><\/strong><\/p>\n<p>&nbsp;<\/p>\n","protected":false},"excerpt":{"rendered":"<h5><span class=\"font_28px\">Coffret de chantier conforme aux normes NF-C \u00a014-100\/ 15-100.<\/span><\/h5>\n","protected":false},"featured_media":64,"comment_status":"open","ping_status":"closed","template":"","meta":[],"product_brand":[],"product_cat":[47,25],"product_tag":[],"class_list":{"0":"post-25","1":"product","2":"type-product","3":"status-publish","4":"has-post-thumbnail","6":"product_cat-coffret-configurable","7":"product_cat-coffret-de-chantier","9":"first","10":"instock","11":"taxable","12":"shipping-taxable","13":"purchasable","14":"product-type-simple"},"jetpack_sharing_enabled":true,"_links":{"self":[{"href":"https:\/\/coffretelec.fr\/index.php\/wp-json\/wp\/v2\/product\/25","targetHints":{"allow":["GET"]}}],"collection":[{"href":"https:\/\/coffretelec.fr\/index.php\/wp-json\/wp\/v2\/product"}],"about":[{"href":"https:\/\/coffretelec.fr\/index.php\/wp-json\/wp\/v2\/types\/product"}],"replies":[{"embeddable":true,"href":"https:\/\/coffretelec.fr\/index.php\/wp-json\/wp\/v2\/comments?post=25"}],"wp:featuredmedia":[{"embeddable":true,"href":"https:\/\/coffretelec.fr\/index.php\/wp-json\/wp\/v2\/media\/64"}],"wp:attachment":[{"href":"https:\/\/coffretelec.fr\/index.php\/wp-json\/wp\/v2\/media?parent=25"}],"wp:term":[{"taxonomy":"product_brand","embeddable":true,"href":"https:\/\/coffretelec.fr\/index.php\/wp-json\/wp\/v2\/product_brand?post=25"},{"taxonomy":"product_cat","embeddable":true,"href":"https:\/\/coffretelec.fr\/index.php\/wp-json\/wp\/v2\/product_cat?post=25"},{"taxonomy":"product_tag","embeddable":true,"href":"https:\/\/coffretelec.fr\/index.php\/wp-json\/wp\/v2\/product_tag?post=25"}],"curies":[{"name":"wp","href":"https:\/\/api.w.org\/{rel}","templated":true}]}}