{"id":188,"date":"2023-05-29T22:19:30","date_gmt":"2023-05-29T20:19:30","guid":{"rendered":"https:\/\/coffretelec.fr\/?post_type=product&#038;p=188"},"modified":"2026-03-30T17:46:07","modified_gmt":"2026-03-30T15:46:07","slug":"coffret-prises-monophase-et-triphase-16a","status":"publish","type":"product","link":"https:\/\/coffretelec.fr\/index.php\/product\/coffret-prises-monophase-et-triphase-16a\/","title":{"rendered":"Coffret prises monophas\u00e9 et triphas\u00e9 16A"},"content":{"rendered":"<p>Sp\u00e9cification:<\/p>\n<p>Tension de Fonctionnement Nominale : AC 230 \/ 400 V<br \/>\nNiveau de Protection de la Coque : IP65<br \/>\nNiveau de Protection de la Prise : IP44<br \/>\n2 x Prises mono 230 V, 16A, IP54<br \/>\n1 x Prises triphas\u00e9 400 V, 16A, IP54<br \/>\n2x Disjoncteur C16A mono<br \/>\n1x Disjoncteur C16A triphas\u00e9<br \/>\nPoids Net : 2,90 kg<br \/>\nDimensions de l&rsquo;Emballage (L x L x H) : 300 x 300 x 200 mm<\/p>\n","protected":false},"excerpt":{"rendered":"<p>Sp\u00e9cification: Tension de Fonctionnement Nominale : AC 230 \/ 400 V Niveau de Protection de la Coque : IP65 Niveau de Protection de la Prise : IP44 2 x Prises mono 230 V, 16A, IP54 1 x Prises triphas\u00e9 400 V, 16A, IP54 2x Disjoncteur C16A mono 1x Disjoncteur C16A triphas\u00e9 Poids Net : 2,90 [&hellip;]<\/p>\n","protected":false},"featured_media":189,"comment_status":"open","ping_status":"closed","template":"","meta":[],"product_brand":[],"product_cat":[42],"product_tag":[],"class_list":{"0":"post-188","1":"product","2":"type-product","3":"status-publish","4":"has-post-thumbnail","6":"product_cat-coffret-prises","8":"first","9":"outofstock","10":"taxable","11":"shipping-taxable","12":"purchasable","13":"product-type-simple"},"jetpack_sharing_enabled":true,"_links":{"self":[{"href":"https:\/\/coffretelec.fr\/index.php\/wp-json\/wp\/v2\/product\/188","targetHints":{"allow":["GET"]}}],"collection":[{"href":"https:\/\/coffretelec.fr\/index.php\/wp-json\/wp\/v2\/product"}],"about":[{"href":"https:\/\/coffretelec.fr\/index.php\/wp-json\/wp\/v2\/types\/product"}],"replies":[{"embeddable":true,"href":"https:\/\/coffretelec.fr\/index.php\/wp-json\/wp\/v2\/comments?post=188"}],"wp:featuredmedia":[{"embeddable":true,"href":"https:\/\/coffretelec.fr\/index.php\/wp-json\/wp\/v2\/media\/189"}],"wp:attachment":[{"href":"https:\/\/coffretelec.fr\/index.php\/wp-json\/wp\/v2\/media?parent=188"}],"wp:term":[{"taxonomy":"product_brand","embeddable":true,"href":"https:\/\/coffretelec.fr\/index.php\/wp-json\/wp\/v2\/product_brand?post=188"},{"taxonomy":"product_cat","embeddable":true,"href":"https:\/\/coffretelec.fr\/index.php\/wp-json\/wp\/v2\/product_cat?post=188"},{"taxonomy":"product_tag","embeddable":true,"href":"https:\/\/coffretelec.fr\/index.php\/wp-json\/wp\/v2\/product_tag?post=188"}],"curies":[{"name":"wp","href":"https:\/\/api.w.org\/{rel}","templated":true}]}}