{"id":141,"date":"2023-05-18T19:27:45","date_gmt":"2023-05-18T17:27:45","guid":{"rendered":"https:\/\/coffretelec.fr\/?page_id=141"},"modified":"2023-05-18T19:27:46","modified_gmt":"2023-05-18T17:27:46","slug":"reglementation-enedis","status":"publish","type":"page","link":"https:\/\/coffretelec.fr\/index.php\/reglementation-enedis\/","title":{"rendered":"Reglementation Enedis"},"content":{"rendered":"\n<p class=\"has-text-align-justify has-medium-font-size\">Le mat\u00e9riel de branchement, fourni par le client,<br>doit \u00eatre conforme \u00e0 la Norme NF C 14-100 et en<br>bon \u00e9tat :<br>&#8211; le panneau doit \u00eatre de classe II (double isolation ou sur-<br>isolation \u00e0 4 kV) et l\u2019installation r\u00e9sultant de sa mise en<br>\u0153uvre doit \u00eatre \u00e9quivalente \u00e0 la classe II ;<br>&#8211; le contact accidentel avec des pi\u00e8ces nues sous tension ne<br>doit pas \u00eatre possible porte ouverte (indice de protection<br>minimum IP2X) ;<br>&#8211; les capots de protection des appareils doivent \u00eatre ferm\u00e9s ;<br>le coffret (ou armoire) doit disposer de portes \u00e0 fermeture<br>verrouillable par outil ou clef ;<br>&#8211; le domaine NF C 14-100 doit \u00eatre inviolable (sous scell\u00e9) ;<br>&#8211; le disjoncteur de branchement (\u00ab\u00a0AGCP\u00a0\u00bb), conforme \u00e0 la<br>norme NF C 62-411 (marque NF-USE), diff\u00e9rentiel 500 mA<br>de type S ou G, il ne doit recevoir qu\u2019un conducteur par<br>borne.<br>Le compteur d&rsquo;\u00e9nergie de type \u00e9lectronique est<br>fourni par Enedis.<br>Toute anomalie constat\u00e9e par Enedis sur le mat\u00e9riel de<br>branchement entra\u00eene automatiquement un refus de<br>raccordement.<br>Il est formellement interdit au client d&rsquo;intervenir sur la<br>partie branchement sous responsabilit\u00e9 d\u2019Enedis<br>depuis les op\u00e9rations de raccordement jusqu&rsquo;\u00e0 sa mise<br>hors tension d\u00e9finitive.<br>Conformit\u00e9 de l&rsquo;installation \u00e9lectrique du<br>client<br>L&rsquo;installation \u00e9lectrique est plac\u00e9e sous la<br>responsabilit\u00e9 du client. Elle doit \u00eatre conforme aux<br>prescriptions de s\u00e9curit\u00e9. Une protection<br>compl\u00e9mentaire \u00e0 courant diff\u00e9rentiel r\u00e9siduel \u00e0 30 mA<br>associ\u00e9e \u00e0 une prise de terre doit notamment prot\u00e9ger<br>tous les circuits terminaux.<br>Conditions de mise en service<br>Le raccordement d&rsquo;un branchement provisoire est<br>subordonn\u00e9 au respect des r\u00e8gles de conformit\u00e9 et<br>de mise en \u0153uvre \u00e9nonc\u00e9es ci-dessus.<br>La mise en service est effectu\u00e9e en pr\u00e9sence du<br>client (ou de son repr\u00e9sentant). Elle fait suite aux<br>op\u00e9rations de raccordement et permet \u00e0 Enedis de<br>faire des rappels n\u00e9cessaires en mati\u00e8re de<br>r\u00e9partition des responsabilit\u00e9s.<br>Notamment, le client doit :<br>\u2022 assurer le maintien en conformit\u00e9 et en bon \u00e9tat<br>de son installation pendant la dur\u00e9e d&rsquo;utilisation<br>du branchement provisoire ;<br>\u2022 ne d\u00e9placer aucune partie du branchement par<br>rapport \u00e0 son emplacement initial ;<br>\u2022 doit pr\u00e9venir Enedis en cas de constat de sa part<br>d&rsquo;anomalie survenant sur le branchement.<br>Enedis peut refuser la mise en service s&rsquo;il constate<br>ou d\u00e9couvre fortuitement une anomalie sur<br>l&rsquo;installation \u00e9lectrique du client. Ce refus motiv\u00e9 est<br>notifi\u00e9 par \u00e9crit et remis au client. Une copie est<br>adress\u00e9e au maire et \u00e9ventuellement \u00e0 l&rsquo;inspection<br>du travail et \u00e0 l&rsquo;ing\u00e9nieur du contr\u00f4le \u00e9lectrique. Dans<br>ce cas, il incombe au client de mettre en conformit\u00e9<br>son installation \u00e9lectrique.<br>Raccordement et d\u00e9-raccordement<br>Les op\u00e9rations de raccordement et le d\u00e9-<br>raccordement d&rsquo;un branchement provisoire (mise<br>sous tension ou hors tension) sont effectu\u00e9s<br>exclusivement sous la ma\u00eetrise d&rsquo;ouvrage Enedis.<\/p>\n","protected":false},"excerpt":{"rendered":"<p>Le mat\u00e9riel de branchement, fourni par le client,doit \u00eatre conforme \u00e0 la Norme NF C 14-100 et enbon \u00e9tat :&#8211; le panneau doit \u00eatre de classe II (double isolation ou sur-isolation \u00e0 4 kV) et l\u2019installation r\u00e9sultant de sa mise en\u0153uvre doit \u00eatre \u00e9quivalente \u00e0 la classe II ;&#8211; le contact accidentel avec des pi\u00e8ces [&hellip;]<\/p>\n","protected":false},"author":1,"featured_media":0,"parent":0,"menu_order":0,"comment_status":"closed","ping_status":"closed","template":"","meta":{"footnotes":""},"class_list":["post-141","page","type-page","status-publish","hentry"],"jetpack_sharing_enabled":true,"_links":{"self":[{"href":"https:\/\/coffretelec.fr\/index.php\/wp-json\/wp\/v2\/pages\/141","targetHints":{"allow":["GET"]}}],"collection":[{"href":"https:\/\/coffretelec.fr\/index.php\/wp-json\/wp\/v2\/pages"}],"about":[{"href":"https:\/\/coffretelec.fr\/index.php\/wp-json\/wp\/v2\/types\/page"}],"author":[{"embeddable":true,"href":"https:\/\/coffretelec.fr\/index.php\/wp-json\/wp\/v2\/users\/1"}],"replies":[{"embeddable":true,"href":"https:\/\/coffretelec.fr\/index.php\/wp-json\/wp\/v2\/comments?post=141"}],"version-history":[{"count":1,"href":"https:\/\/coffretelec.fr\/index.php\/wp-json\/wp\/v2\/pages\/141\/revisions"}],"predecessor-version":[{"id":143,"href":"https:\/\/coffretelec.fr\/index.php\/wp-json\/wp\/v2\/pages\/141\/revisions\/143"}],"wp:attachment":[{"href":"https:\/\/coffretelec.fr\/index.php\/wp-json\/wp\/v2\/media?parent=141"}],"curies":[{"name":"wp","href":"https:\/\/api.w.org\/{rel}","templated":true}]}}