{"id":138,"date":"2023-05-18T19:23:41","date_gmt":"2023-05-18T17:23:41","guid":{"rendered":"https:\/\/coffretelec.fr\/?page_id=138"},"modified":"2023-05-18T19:23:42","modified_gmt":"2023-05-18T17:23:42","slug":"qui-sommes-nous","status":"publish","type":"page","link":"https:\/\/coffretelec.fr\/index.php\/qui-sommes-nous\/","title":{"rendered":"Qui sommes nous?"},"content":{"rendered":"\n<p>Coffretelec est une entreprise bas\u00e9e dans la Sarthe, et nous sommes sp\u00e9cialis\u00e9s dans la fabrication et la vente de coffrets de chantier pour les particuliers et professionnels depuis 2020. Notre objectif est de fournir des solutions pratiques et fiables pour r\u00e9pondre aux besoins sp\u00e9cifiques de votre chantier.<\/p>\n\n\n\n<p>Chez Coffretelec, nous comprenons l&rsquo;importance d&rsquo;avoir des \u00e9quipements de qualit\u00e9 pour assurer la s\u00e9curit\u00e9 et l&rsquo;efficacit\u00e9 sur le terrain. C&rsquo;est pourquoi nous nous engageons \u00e0 concevoir et produire des coffrets de chantier robustes, durables et conformes aux normes en vigueur.<\/p>\n\n\n\n<p>Nous sommes fiers de proposer nos produits exclusivement en ligne. Cela nous permet de vous offrir une exp\u00e9rience d&rsquo;achat pratique et rapide, tout en maintenant des prix comp\u00e9titifs. <\/p>\n\n\n\n<p>Merci de nous faire confiance pour vos besoins en mati\u00e8re de coffrets de chantier. Nous sommes impatients de vous fournir des solutions adapt\u00e9es \u00e0 vos projets. N&rsquo;h\u00e9sitez pas \u00e0 nous contacter si vous avez des questions ou des demandes sp\u00e9cifiques. Nous sommes l\u00e0 pour vous aider !<\/p>\n","protected":false},"excerpt":{"rendered":"<p>Coffretelec est une entreprise bas\u00e9e dans la Sarthe, et nous sommes sp\u00e9cialis\u00e9s dans la fabrication et la vente de coffrets de chantier pour les particuliers et professionnels depuis 2020. Notre objectif est de fournir des solutions pratiques et fiables pour r\u00e9pondre aux besoins sp\u00e9cifiques de votre chantier. Chez Coffretelec, nous comprenons l&rsquo;importance d&rsquo;avoir des \u00e9quipements [&hellip;]<\/p>\n","protected":false},"author":1,"featured_media":0,"parent":0,"menu_order":0,"comment_status":"closed","ping_status":"closed","template":"","meta":{"footnotes":""},"class_list":["post-138","page","type-page","status-publish","hentry"],"jetpack_sharing_enabled":true,"_links":{"self":[{"href":"https:\/\/coffretelec.fr\/index.php\/wp-json\/wp\/v2\/pages\/138","targetHints":{"allow":["GET"]}}],"collection":[{"href":"https:\/\/coffretelec.fr\/index.php\/wp-json\/wp\/v2\/pages"}],"about":[{"href":"https:\/\/coffretelec.fr\/index.php\/wp-json\/wp\/v2\/types\/page"}],"author":[{"embeddable":true,"href":"https:\/\/coffretelec.fr\/index.php\/wp-json\/wp\/v2\/users\/1"}],"replies":[{"embeddable":true,"href":"https:\/\/coffretelec.fr\/index.php\/wp-json\/wp\/v2\/comments?post=138"}],"version-history":[{"count":1,"href":"https:\/\/coffretelec.fr\/index.php\/wp-json\/wp\/v2\/pages\/138\/revisions"}],"predecessor-version":[{"id":140,"href":"https:\/\/coffretelec.fr\/index.php\/wp-json\/wp\/v2\/pages\/138\/revisions\/140"}],"wp:attachment":[{"href":"https:\/\/coffretelec.fr\/index.php\/wp-json\/wp\/v2\/media?parent=138"}],"curies":[{"name":"wp","href":"https:\/\/api.w.org\/{rel}","templated":true}]}}