{"id":127,"date":"2023-05-18T18:31:09","date_gmt":"2023-05-18T16:31:09","guid":{"rendered":"https:\/\/coffretelec.fr\/?page_id=127"},"modified":"2024-10-16T06:37:21","modified_gmt":"2024-10-16T04:37:21","slug":"nous-contacter","status":"publish","type":"page","link":"https:\/\/coffretelec.fr\/index.php\/nous-contacter\/","title":{"rendered":"Nous contacter"},"content":{"rendered":"\n<p>Une question sur un produit ou un conseil ? Vous pouvez nous contacter de plusieurs fa\u00e7ons :<\/p>\n\n\n\n<p>-Par mail contact@coffretelec.fr<\/p>\n\n\n\n<p>-avec le formulaire ci-dessous,<\/p>\n\n\n\n<p>-avec le chat en direct,<\/p>\n\n\n\n<p>-par appel ou SMS au 06 32 31 20 83.<\/p>\n\n\n\n<p><strong>Les retraits sont possible \u00e0 Ecommoy dans la sarthe. Contactez nous par t\u00e9l\u00e9phone pour prendre RDV entre 16h et 21h 7j\/7.<\/strong><\/p>\n\n\n<style id=\"wpforms-css-vars-633\">\n\t\t\t\t#wpforms-633 {\n\t\t\t\t\n\t\t\t}\n\t\t\t<\/style><div class=\"wpforms-container wpforms-container-full wpforms-render-modern\" id=\"wpforms-633\"><form id=\"wpforms-form-633\" class=\"wpforms-validate wpforms-form wpforms-ajax-form\" data-formid=\"633\" method=\"post\" enctype=\"multipart\/form-data\" action=\"\/index.php\/wp-json\/wp\/v2\/pages\/127\" data-token=\"1412984054f7893071a165d3934ec506\" data-token-time=\"1778664974\"><noscript class=\"wpforms-error-noscript\">Veuillez activer JavaScript dans votre navigateur pour remplir ce formulaire.<\/noscript><div id=\"wpforms-error-noscript\" style=\"display: none;\">Veuillez activer JavaScript dans votre navigateur pour remplir ce formulaire.<\/div><div class=\"wpforms-field-container\"><div id=\"wpforms-633-field_1-container\" class=\"wpforms-field wpforms-field-email\" data-field-id=\"1\"><label class=\"wpforms-field-label\" for=\"wpforms-633-field_1\">E-mail<\/label><input type=\"email\" id=\"wpforms-633-field_1\" class=\"wpforms-field-medium\" name=\"wpforms[fields][1]\" spellcheck=\"false\" aria-errormessage=\"wpforms-633-field_1-error\" ><\/div><div id=\"wpforms-633-field_3-container\" class=\"wpforms-field wpforms-field-number\" data-field-id=\"3\"><label class=\"wpforms-field-label\" for=\"wpforms-633-field_3\">T\u00e9l\u00e9phone<\/label><input type=\"number\" id=\"wpforms-633-field_3\" class=\"wpforms-field-medium\" name=\"wpforms[fields][3]\" step=\"any\" aria-errormessage=\"wpforms-633-field_3-error\" ><\/div><div id=\"wpforms-633-field_2-container\" class=\"wpforms-field wpforms-field-textarea\" data-field-id=\"2\"><label class=\"wpforms-field-label\" for=\"wpforms-633-field_2\">Commentaire ou message<\/label><textarea id=\"wpforms-633-field_2\" class=\"wpforms-field-medium\" name=\"wpforms[fields][2]\" aria-errormessage=\"wpforms-633-field_2-error\" ><\/textarea><\/div><\/div><!-- .wpforms-field-container --><div class=\"wpforms-submit-container\" ><input type=\"hidden\" name=\"wpforms[id]\" value=\"633\"><input type=\"hidden\" name=\"page_title\" value=\"\"><input type=\"hidden\" name=\"page_url\" value=\"https:\/\/coffretelec.fr\/index.php\/wp-json\/wp\/v2\/pages\/127\"><input type=\"hidden\" name=\"url_referer\" value=\"\"><button type=\"submit\" name=\"wpforms[submit]\" id=\"wpforms-submit-633\" class=\"wpforms-submit\" data-alt-text=\"Envoi...\" data-submit-text=\"Envoyer\" aria-live=\"assertive\" value=\"wpforms-submit\">Envoyer<\/button><img loading=\"lazy\" decoding=\"async\" src=\"https:\/\/coffretelec.fr\/wp-content\/plugins\/wpforms-lite\/assets\/images\/submit-spin.svg\" class=\"wpforms-submit-spinner\" style=\"display: none;\" width=\"26\" height=\"26\" alt=\"Chargement en cours\"><\/div><\/form><\/div>  <!-- .wpforms-container -->\n\n\n<div class=\"wp-block-jetpack-contact-form\"><a href=\"https:\/\/coffretelec.fr\/index.php\/nous-contacter\/\" target=\"_blank\" rel=\"noopener noreferrer\">Soumettre un formulaire.<\/a><\/div>","protected":false},"excerpt":{"rendered":"<p>Une question sur un produit ou un conseil ? Vous pouvez nous contacter de plusieurs fa\u00e7ons : -Par mail contact@coffretelec.fr -avec le formulaire ci-dessous, -avec le chat en direct, -par appel ou SMS au 06 32 31 20 83. Les retraits sont possible \u00e0 Ecommoy dans la sarthe. Contactez nous par t\u00e9l\u00e9phone pour prendre RDV [&hellip;]<\/p>\n","protected":false},"author":1,"featured_media":0,"parent":0,"menu_order":0,"comment_status":"closed","ping_status":"closed","template":"","meta":{"footnotes":""},"class_list":["post-127","page","type-page","status-publish","hentry"],"jetpack_sharing_enabled":true,"_links":{"self":[{"href":"https:\/\/coffretelec.fr\/index.php\/wp-json\/wp\/v2\/pages\/127","targetHints":{"allow":["GET"]}}],"collection":[{"href":"https:\/\/coffretelec.fr\/index.php\/wp-json\/wp\/v2\/pages"}],"about":[{"href":"https:\/\/coffretelec.fr\/index.php\/wp-json\/wp\/v2\/types\/page"}],"author":[{"embeddable":true,"href":"https:\/\/coffretelec.fr\/index.php\/wp-json\/wp\/v2\/users\/1"}],"replies":[{"embeddable":true,"href":"https:\/\/coffretelec.fr\/index.php\/wp-json\/wp\/v2\/comments?post=127"}],"version-history":[{"count":10,"href":"https:\/\/coffretelec.fr\/index.php\/wp-json\/wp\/v2\/pages\/127\/revisions"}],"predecessor-version":[{"id":644,"href":"https:\/\/coffretelec.fr\/index.php\/wp-json\/wp\/v2\/pages\/127\/revisions\/644"}],"wp:attachment":[{"href":"https:\/\/coffretelec.fr\/index.php\/wp-json\/wp\/v2\/media?parent=127"}],"curies":[{"name":"wp","href":"https:\/\/api.w.org\/{rel}","templated":true}]}}